{"id":33946,"date":"2023-10-23T13:15:45","date_gmt":"2023-10-23T10:15:45","guid":{"rendered":"https:\/\/cbdshop.ee\/?page_id=33946"},"modified":"2026-04-06T18:43:10","modified_gmt":"2026-04-06T15:43:10","slug":"shop-in-tartu","status":"publish","type":"page","link":"https:\/\/www.cbdshop.ee\/en\/shop-in-tartu\/","title":{"rendered":"Shop in Tartu"},"content":{"rendered":"<p><div class=\"fusion-fullwidth fullwidth-box fusion-builder-row-1 nonhundred-percent-fullwidth non-hundred-percent-height-scrolling fusion-equal-height-columns\" style=\"--awb-border-radius-top-left:0px;--awb-border-radius-top-right:0px;--awb-border-radius-bottom-right:0px;--awb-border-radius-bottom-left:0px;\" ><div class=\"fusion-builder-row fusion-row\"><div class=\"fusion-layout-column fusion_builder_column fusion-builder-column-0 fusion_builder_column_3_5 3_5 fusion-three-fifth fusion-column-first\" style=\"--awb-padding-top:10px;--awb-padding-right:20px;--awb-padding-left:20px;--awb-overflow:hidden;--awb-bg-color:rgba(242,248,241,0.65);--awb-bg-blend:overlay;--awb-bg-size:cover;--awb-border-radius:2px 2px 2px 2px;width:60%;width:calc(60% - ( ( 4% ) * 0.6 ) );margin-right: 4%;\"><div class=\"fusion-column-wrapper fusion-column-has-shadow fusion-flex-column-wrapper-legacy\"><iframe src=\"https:\/\/www.google.com\/maps\/embed?pb=!1m18!1m12!1m3!1d1423.067434612102!2d26.718343284184524!3d58.37375588687198!2m3!1f0!2f0!3f0!3m2!1i1024!2i768!4f13.1!3m3!1m2!1s0x46eb3720199c83f3%3A0x49f9f56d8aaeac90!2sPepleri%20tn%2034%2C%2051010%20Tartu!5e0!3m2!1sen!2see!4v1765312860756!5m2!1sen!2see\" width=\"600\" height=\"450\" style=\"border:0;\" allowfullscreen=\"\" loading=\"lazy\" referrerpolicy=\"no-referrer-when-downgrade\"><\/iframe><div class=\"fusion-clearfix\"><\/div><\/div><\/div><div class=\"fusion-layout-column fusion_builder_column fusion-builder-column-1 fusion_builder_column_2_5 2_5 fusion-two-fifth fusion-column-last\" style=\"--awb-bg-size:cover;width:40%;width:calc(40% - ( ( 4% ) * 0.4 ) );\"><div class=\"fusion-column-wrapper fusion-column-has-shadow fusion-flex-column-wrapper-legacy\"><div class=\"fusion-text fusion-text-1\"><p><strong>How to find us:<\/strong>How to find us: The shop is located at Pepleri 34, just a 6-minute walk from Tartu city center. The building is situated between Pepleri and Riia streets. The nearest bus stop is Riiam\u00e4e.<\/p>\n<div class=\"bubble is-in can-have-tail is-group-first\" data-mid=\"61673\" data-peer-id=\"-945082944\" data-timestamp=\"1698049400\">\n<div class=\"bubble-content-wrapper\">\n<div class=\"bubble-content\">\n<div class=\"bubble-hover-reaction is-visible animating backwards\" data-loaded=\"1\">\n<div class=\"bubble-hover-reaction-sticker media-sticker-wrapper\" data-doc-id=\"4987918217184805352\" data-sticker-play=\"0\" data-sticker-loop=\"0\">\u00a0<\/div>\n<\/div>\n<\/div>\n<\/div>\n<\/div>\n<div class=\"bubble is-in can-have-tail\" data-mid=\"61674\" data-peer-id=\"-945082944\" data-timestamp=\"1698049422\">\n<div class=\"bubble-content-wrapper\">\n<div class=\"bubble-content\">\u00a0<\/div>\n<\/div>\n<\/div>\n<\/div><div class=\"fusion-sep-clear\"><\/div><div class=\"fusion-separator fusion-full-width-sep\" style=\"margin-left: auto;margin-right: auto;width:100%;\"><\/div><div class=\"fusion-sep-clear\"><\/div><ul style=\"--awb-iconcolor:#589559;--awb-divider-color:#f4f4f4;--awb-line-height:23.8px;--awb-icon-width:23.8px;--awb-icon-height:23.8px;--awb-icon-margin:9.8px;--awb-content-margin:33.6px;\" class=\"fusion-checklist fusion-checklist-1 fusion-checklist-default fusion-checklist-divider type-icons\"><li class=\"fusion-li-item\" style=\"\"><span class=\"icon-wrapper circle-no\"><i class=\"fusion-li-icon fa-map far\" aria-hidden=\"true\"><\/i><\/span><div class=\"fusion-li-item-content\">\n<p><strong>Pepleri 34, Tartu<\/strong><\/p>\n<\/div><\/li><li class=\"fusion-li-item\" style=\"\"><span class=\"icon-wrapper circle-no\"><i class=\"fusion-li-icon fa-phone fas\" aria-hidden=\"true\"><\/i><\/span><div class=\"fusion-li-item-content\">\n<p><a href=\"tel:+37258664438\">+372 58664438<\/a><\/p>\n<\/div><\/li><li class=\"fusion-li-item\" style=\"\"><span class=\"icon-wrapper circle-no\"><i class=\"fusion-li-icon fa-clock far\" aria-hidden=\"true\"><\/i><\/span><div class=\"fusion-li-item-content\">\n<p><b>Mon-Sat 10:00-21:00<\/b><\/p>\n<\/div><\/li><li class=\"fusion-li-item\" style=\"\"><span class=\"icon-wrapper circle-no\"><i class=\"fusion-li-icon fa-clock far\" aria-hidden=\"true\"><\/i><\/span><div class=\"fusion-li-item-content\">\n<p><b>Sun 11:00-20:00<\/b><\/p>\n<\/div><\/li><\/ul><div class=\"fusion-clearfix\"><\/div><\/div><\/div><\/div><\/div><div class=\"fusion-fullwidth fullwidth-box fusion-builder-row-2 nonhundred-percent-fullwidth non-hundred-percent-height-scrolling\" style=\"--awb-border-radius-top-left:0px;--awb-border-radius-top-right:0px;--awb-border-radius-bottom-right:0px;--awb-border-radius-bottom-left:0px;\" ><div class=\"fusion-builder-row fusion-row\"><div class=\"fusion-layout-column fusion_builder_column fusion-builder-column-2 fusion_builder_column_1_1 1_1 fusion-one-full fusion-column-first fusion-column-last\" style=\"--awb-bg-size:cover;\"><div class=\"fusion-column-wrapper fusion-column-has-shadow fusion-flex-column-wrapper-legacy\"><div class=\"fusion-sep-clear\"><\/div><div class=\"fusion-separator fusion-full-width-sep\" style=\"margin-left: auto;margin-right: auto;width:100%;\"><\/div><div class=\"fusion-sep-clear\"><\/div><div class=\"awb-gallery-wrapper awb-gallery-wrapper-1 button-span-no\" style=\"--more-btn-alignment:center;\"><div style=\"margin:-5px;--awb-bordersize:0px;\" class=\"fusion-gallery fusion-gallery-container fusion-grid-3 fusion-columns-total-3 fusion-gallery-layout-grid fusion-gallery-1\"><div style=\"padding:5px;\" class=\"fusion-grid-column fusion-gallery-column fusion-gallery-column-3 hover-type-none\"><div class=\"fusion-gallery-image\"><a href=\"https:\/\/www.cbdshop.ee\/wp-content\/uploads\/2025\/12\/IMG_3911-scaled.jpeg\" rel=\"noreferrer\" data-rel=\"iLightbox[gallery_image_1]\" class=\"fusion-lightbox\" target=\"_self\"><img decoding=\"async\" src=\"https:\/\/www.cbdshop.ee\/wp-content\/uploads\/2025\/12\/IMG_3911-460x295.jpeg\" width=\"460\" height=\"295\" alt=\"\" title=\"IMG_3911\" aria-label=\"IMG_3911\" class=\"img-responsive wp-image-39600 fusion-gallery-image-size-fixed\"  \/><\/a><\/div><\/div><div style=\"padding:5px;\" class=\"fusion-grid-column fusion-gallery-column fusion-gallery-column-3 hover-type-none\"><div class=\"fusion-gallery-image\"><a href=\"https:\/\/www.cbdshop.ee\/wp-content\/uploads\/2025\/12\/IMG_3913-scaled.jpeg\" rel=\"noreferrer\" data-rel=\"iLightbox[gallery_image_1]\" class=\"fusion-lightbox\" target=\"_self\"><img decoding=\"async\" src=\"https:\/\/www.cbdshop.ee\/wp-content\/uploads\/2025\/12\/IMG_3913-460x295.jpeg\" width=\"460\" height=\"295\" alt=\"\" title=\"IMG_3913\" aria-label=\"IMG_3913\" class=\"img-responsive wp-image-39606 fusion-gallery-image-size-fixed\"  \/><\/a><\/div><\/div><div style=\"padding:5px;\" class=\"fusion-grid-column fusion-gallery-column fusion-gallery-column-3 hover-type-none\"><div class=\"fusion-gallery-image\"><a href=\"https:\/\/www.cbdshop.ee\/wp-content\/uploads\/2025\/12\/IMG_3912-scaled.jpeg\" rel=\"noreferrer\" data-rel=\"iLightbox[gallery_image_1]\" class=\"fusion-lightbox\" target=\"_self\"><img decoding=\"async\" src=\"https:\/\/www.cbdshop.ee\/wp-content\/uploads\/2025\/12\/IMG_3912-460x295.jpeg\" width=\"460\" height=\"295\" alt=\"\" title=\"IMG_3912\" aria-label=\"IMG_3912\" class=\"img-responsive wp-image-39603 fusion-gallery-image-size-fixed\"  \/><\/a><\/div><\/div><div class=\"clearfix\"><\/div><\/div><\/div><div class=\"fusion-clearfix\"><\/div><\/div><\/div><\/div><\/div><\/p>\n","protected":false},"excerpt":{"rendered":"","protected":false},"author":1354,"featured_media":0,"parent":0,"menu_order":0,"comment_status":"closed","ping_status":"closed","template":"","meta":[],"yoast_head":"<!-- This site is optimized with the Yoast SEO plugin v20.8 - https:\/\/yoast.com\/wordpress\/plugins\/seo\/ -->\n<title>Shop in Tartu - CBDshop.ee<\/title>\n<meta name=\"description\" content=\"Located 9 minutes walk (600m) from Tartu Kaubamaja, you can also get there by bus (1,2,3,4,8) getting off at the \u201cRiiam\u00e4e\u201d stop.\" \/>\n<meta name=\"robots\" content=\"index, follow, max-snippet:-1, max-image-preview:large, max-video-preview:-1\" \/>\n<link rel=\"canonical\" href=\"https:\/\/cbdshop.ee\/en\/shop-in-tartu\/\" \/>\n<meta property=\"og:locale\" content=\"en_US\" \/>\n<meta property=\"og:type\" content=\"article\" \/>\n<meta property=\"og:title\" content=\"Shop in Tartu - CBDshop.ee\" \/>\n<meta property=\"og:description\" content=\"Located 9 minutes walk (600m) from Tartu Kaubamaja, you can also get there by bus (1,2,3,4,8) getting off at the \u201cRiiam\u00e4e\u201d stop.\" \/>\n<meta property=\"og:url\" content=\"https:\/\/cbdshop.ee\/en\/shop-in-tartu\/\" \/>\n<meta property=\"og:site_name\" content=\"CBDshop.ee\" \/>\n<meta property=\"article:publisher\" content=\"https:\/\/m.facebook.com\/cbdshop.ee\/\" \/>\n<meta property=\"article:modified_time\" content=\"2026-04-06T15:43:10+00:00\" \/>\n<meta name=\"twitter:card\" content=\"summary_large_image\" \/>\n<meta name=\"twitter:label1\" content=\"Est. reading time\" \/>\n\t<meta name=\"twitter:data1\" content=\"3 minutes\" \/>\n<script type=\"application\/ld+json\" class=\"yoast-schema-graph\">{\"@context\":\"https:\/\/schema.org\",\"@graph\":[{\"@type\":\"WebPage\",\"@id\":\"https:\/\/cbdshop.ee\/en\/shop-in-tartu\/\",\"url\":\"https:\/\/cbdshop.ee\/en\/shop-in-tartu\/\",\"name\":\"Shop in Tartu - CBDshop.ee\",\"isPartOf\":{\"@id\":\"https:\/\/cbdshop.ee\/#website\"},\"datePublished\":\"2023-10-23T10:15:45+00:00\",\"dateModified\":\"2026-04-06T15:43:10+00:00\",\"description\":\"Located 9 minutes walk (600m) from Tartu Kaubamaja, you can also get there by bus (1,2,3,4,8) getting off at the \u201cRiiam\u00e4e\u201d stop.\",\"breadcrumb\":{\"@id\":\"https:\/\/cbdshop.ee\/en\/shop-in-tartu\/#breadcrumb\"},\"inLanguage\":\"en-US\",\"potentialAction\":[{\"@type\":\"ReadAction\",\"target\":[\"https:\/\/cbdshop.ee\/en\/shop-in-tartu\/\"]}]},{\"@type\":\"BreadcrumbList\",\"@id\":\"https:\/\/cbdshop.ee\/en\/shop-in-tartu\/#breadcrumb\",\"itemListElement\":[{\"@type\":\"ListItem\",\"position\":1,\"name\":\"Home\",\"item\":\"https:\/\/cbdshop.ee\/en\/\"},{\"@type\":\"ListItem\",\"position\":2,\"name\":\"Shop in Tartu\"}]},{\"@type\":\"WebSite\",\"@id\":\"https:\/\/cbdshop.ee\/#website\",\"url\":\"https:\/\/cbdshop.ee\/\",\"name\":\"CBDshop.ee\",\"description\":\"\u00d5itsed, \u00f5ietolm, CBD \u00f5li, CBD kanep, e-vedelikud\",\"publisher\":{\"@id\":\"https:\/\/cbdshop.ee\/#organization\"},\"potentialAction\":[{\"@type\":\"SearchAction\",\"target\":{\"@type\":\"EntryPoint\",\"urlTemplate\":\"https:\/\/cbdshop.ee\/?s={search_term_string}\"},\"query-input\":\"required name=search_term_string\"}],\"inLanguage\":\"en-US\"},{\"@type\":\"Organization\",\"@id\":\"https:\/\/cbdshop.ee\/#organization\",\"name\":\"Nordic Synergy O\u00dc\",\"url\":\"https:\/\/cbdshop.ee\/\",\"logo\":{\"@type\":\"ImageObject\",\"inLanguage\":\"en-US\",\"@id\":\"https:\/\/cbdshop.ee\/#\/schema\/logo\/image\/\",\"url\":\"\",\"contentUrl\":\"\",\"caption\":\"Nordic Synergy O\u00dc\"},\"image\":{\"@id\":\"https:\/\/cbdshop.ee\/#\/schema\/logo\/image\/\"},\"sameAs\":[\"https:\/\/m.facebook.com\/cbdshop.ee\/\",\"https:\/\/www.instagram.com\/cbdshop.ee\/\"]}]}<\/script>\n<!-- \/ Yoast SEO plugin. -->","yoast_head_json":{"title":"Shop in Tartu - CBDshop.ee","description":"Located 9 minutes walk (600m) from Tartu Kaubamaja, you can also get there by bus (1,2,3,4,8) getting off at the \u201cRiiam\u00e4e\u201d stop.","robots":{"index":"index","follow":"follow","max-snippet":"max-snippet:-1","max-image-preview":"max-image-preview:large","max-video-preview":"max-video-preview:-1"},"canonical":"https:\/\/cbdshop.ee\/en\/shop-in-tartu\/","og_locale":"en_US","og_type":"article","og_title":"Shop in Tartu - CBDshop.ee","og_description":"Located 9 minutes walk (600m) from Tartu Kaubamaja, you can also get there by bus (1,2,3,4,8) getting off at the \u201cRiiam\u00e4e\u201d stop.","og_url":"https:\/\/cbdshop.ee\/en\/shop-in-tartu\/","og_site_name":"CBDshop.ee","article_publisher":"https:\/\/m.facebook.com\/cbdshop.ee\/","article_modified_time":"2026-04-06T15:43:10+00:00","twitter_card":"summary_large_image","twitter_misc":{"Est. reading time":"3 minutes"},"schema":{"@context":"https:\/\/schema.org","@graph":[{"@type":"WebPage","@id":"https:\/\/cbdshop.ee\/en\/shop-in-tartu\/","url":"https:\/\/cbdshop.ee\/en\/shop-in-tartu\/","name":"Shop in Tartu - CBDshop.ee","isPartOf":{"@id":"https:\/\/cbdshop.ee\/#website"},"datePublished":"2023-10-23T10:15:45+00:00","dateModified":"2026-04-06T15:43:10+00:00","description":"Located 9 minutes walk (600m) from Tartu Kaubamaja, you can also get there by bus (1,2,3,4,8) getting off at the \u201cRiiam\u00e4e\u201d stop.","breadcrumb":{"@id":"https:\/\/cbdshop.ee\/en\/shop-in-tartu\/#breadcrumb"},"inLanguage":"en-US","potentialAction":[{"@type":"ReadAction","target":["https:\/\/cbdshop.ee\/en\/shop-in-tartu\/"]}]},{"@type":"BreadcrumbList","@id":"https:\/\/cbdshop.ee\/en\/shop-in-tartu\/#breadcrumb","itemListElement":[{"@type":"ListItem","position":1,"name":"Home","item":"https:\/\/cbdshop.ee\/en\/"},{"@type":"ListItem","position":2,"name":"Shop in Tartu"}]},{"@type":"WebSite","@id":"https:\/\/cbdshop.ee\/#website","url":"https:\/\/cbdshop.ee\/","name":"CBDshop.ee","description":"\u00d5itsed, \u00f5ietolm, CBD \u00f5li, CBD kanep, e-vedelikud","publisher":{"@id":"https:\/\/cbdshop.ee\/#organization"},"potentialAction":[{"@type":"SearchAction","target":{"@type":"EntryPoint","urlTemplate":"https:\/\/cbdshop.ee\/?s={search_term_string}"},"query-input":"required name=search_term_string"}],"inLanguage":"en-US"},{"@type":"Organization","@id":"https:\/\/cbdshop.ee\/#organization","name":"Nordic Synergy O\u00dc","url":"https:\/\/cbdshop.ee\/","logo":{"@type":"ImageObject","inLanguage":"en-US","@id":"https:\/\/cbdshop.ee\/#\/schema\/logo\/image\/","url":"","contentUrl":"","caption":"Nordic Synergy O\u00dc"},"image":{"@id":"https:\/\/cbdshop.ee\/#\/schema\/logo\/image\/"},"sameAs":["https:\/\/m.facebook.com\/cbdshop.ee\/","https:\/\/www.instagram.com\/cbdshop.ee\/"]}]}},"_links":{"self":[{"href":"https:\/\/www.cbdshop.ee\/en\/wp-json\/wp\/v2\/pages\/33946"}],"collection":[{"href":"https:\/\/www.cbdshop.ee\/en\/wp-json\/wp\/v2\/pages"}],"about":[{"href":"https:\/\/www.cbdshop.ee\/en\/wp-json\/wp\/v2\/types\/page"}],"author":[{"embeddable":true,"href":"https:\/\/www.cbdshop.ee\/en\/wp-json\/wp\/v2\/users\/1354"}],"replies":[{"embeddable":true,"href":"https:\/\/www.cbdshop.ee\/en\/wp-json\/wp\/v2\/comments?post=33946"}],"version-history":[{"count":5,"href":"https:\/\/www.cbdshop.ee\/en\/wp-json\/wp\/v2\/pages\/33946\/revisions"}],"predecessor-version":[{"id":40595,"href":"https:\/\/www.cbdshop.ee\/en\/wp-json\/wp\/v2\/pages\/33946\/revisions\/40595"}],"wp:attachment":[{"href":"https:\/\/www.cbdshop.ee\/en\/wp-json\/wp\/v2\/media?parent=33946"}],"curies":[{"name":"wp","href":"https:\/\/api.w.org\/{rel}","templated":true}]}}