{"id":40777,"date":"2026-04-24T15:08:23","date_gmt":"2026-04-24T12:08:23","guid":{"rendered":"https:\/\/cbdshop.ee\/?post_type=product&#038;p=40777"},"modified":"2026-04-24T15:08:24","modified_gmt":"2026-04-24T12:08:24","slug":"cbd-oil-for-dogs-10","status":"publish","type":"product","link":"https:\/\/www.cbdshop.ee\/en\/toode\/cbd-oil-for-dogs-10\/","title":{"rendered":"CBD oil for dogs 10%"},"content":{"rendered":"","protected":false},"excerpt":{"rendered":"<p data-start=\"137\" data-end=\"202\"><strong data-start=\"137\" data-end=\"200\">Powerful Support for Your Large Dog\u2019s Health and Well-Being<\/strong><\/p>\n<p data-start=\"204\" data-end=\"521\"><strong data-start=\"204\" data-end=\"225\">Cannaline CBD oil<\/strong> is a highly effective 10% CBD oil, specially formulated for large dog breeds. It contains cannabidiol (CBD), which helps maintain physical and mental balance, supports calmness, mobility, and overall health. Thanks to its natural beef flavor, even picky dogs will enjoy it.<\/p>\n<ul>\n<li data-start=\"523\" data-end=\"894\">Promotes calmness and mental well-being<\/li>\n<li data-start=\"523\" data-end=\"894\">Helps with stress, separation anxiety, and hyperactivity<\/li>\n<li data-start=\"523\" data-end=\"894\">Supports healthy joints and improves mobility<\/li>\n<li data-start=\"523\" data-end=\"894\">Boosts the immune system and overall vitality<\/li>\n<li data-start=\"523\" data-end=\"894\">100% natural formula with no artificial additives<\/li>\n<li data-start=\"523\" data-end=\"894\">Certified by the Institute for State Control of Veterinary Biologicals and Medicines<\/li>\n<\/ul>\n<p data-start=\"896\" data-end=\"972\"><strong data-start=\"899\" data-end=\"911\">Content:<\/strong> 10 ml (1000 mg CBD)<br data-start=\"931\" data-end=\"934\" \/><strong data-start=\"937\" data-end=\"970\">Suitable for large dog breeds<\/strong><\/p>\n","protected":false},"featured_media":40778,"comment_status":"open","ping_status":"closed","template":"","meta":[],"product_cat":[497,448],"product_tag":[],"yoast_head":"<!-- This site is optimized with the Yoast SEO plugin v20.8 - https:\/\/yoast.com\/wordpress\/plugins\/seo\/ -->\n<title>CBD oil for dogs 10% - CBDshop.ee<\/title>\n<meta name=\"description\" content=\"CBD oil for dogs 10% \u2013 telli kvaliteetne CBD toode parima hinnaga. Tasuta tarne Eestis, diskreetne pakend. Osta mugavalt CBDshopi e-poest \u2013 kiire ja turvaline!\" \/>\n<meta name=\"robots\" content=\"index, follow, max-snippet:-1, max-image-preview:large, max-video-preview:-1\" \/>\n<link rel=\"canonical\" href=\"https:\/\/cbdshop.ee\/en\/toode\/cbd-oil-for-dogs-10\/\" \/>\n<meta property=\"og:locale\" content=\"en_US\" \/>\n<meta property=\"og:type\" content=\"article\" \/>\n<meta property=\"og:title\" content=\"CBD oil for dogs 10% - CBDshop.ee\" \/>\n<meta property=\"og:description\" content=\"CBD oil for dogs 10% \u2013 telli kvaliteetne CBD toode parima hinnaga. Tasuta tarne Eestis, diskreetne pakend. Osta mugavalt CBDshopi e-poest \u2013 kiire ja turvaline!\" \/>\n<meta property=\"og:url\" content=\"https:\/\/cbdshop.ee\/en\/toode\/cbd-oil-for-dogs-10\/\" \/>\n<meta property=\"og:site_name\" content=\"CBDshop.ee\" \/>\n<meta property=\"article:publisher\" content=\"https:\/\/m.facebook.com\/cbdshop.ee\/\" \/>\n<meta property=\"article:modified_time\" content=\"2026-04-24T12:08:24+00:00\" \/>\n<meta property=\"og:image\" content=\"https:\/\/cbdshop.ee\/wp-content\/uploads\/2026\/04\/Cannaline-10procent-olie-store-hunde.w610.h610.fill_.png.webp\" \/>\n\t<meta property=\"og:image:width\" content=\"610\" \/>\n\t<meta property=\"og:image:height\" content=\"610\" \/>\n\t<meta property=\"og:image:type\" content=\"image\/webp\" \/>\n<meta name=\"twitter:card\" content=\"summary_large_image\" \/>\n<script type=\"application\/ld+json\" class=\"yoast-schema-graph\">{\"@context\":\"https:\/\/schema.org\",\"@graph\":[{\"@type\":\"WebPage\",\"@id\":\"https:\/\/cbdshop.ee\/en\/toode\/cbd-oil-for-dogs-10\/\",\"url\":\"https:\/\/cbdshop.ee\/en\/toode\/cbd-oil-for-dogs-10\/\",\"name\":\"CBD oil for dogs 10% - CBDshop.ee\",\"isPartOf\":{\"@id\":\"https:\/\/cbdshop.ee\/#website\"},\"datePublished\":\"2026-04-24T12:08:23+00:00\",\"dateModified\":\"2026-04-24T12:08:24+00:00\",\"description\":\"CBD oil for dogs 10% \u2013 telli kvaliteetne CBD toode parima hinnaga. Tasuta tarne Eestis, diskreetne pakend. Osta mugavalt CBDshopi e-poest \u2013 kiire ja turvaline!\",\"breadcrumb\":{\"@id\":\"https:\/\/cbdshop.ee\/en\/toode\/cbd-oil-for-dogs-10\/#breadcrumb\"},\"inLanguage\":\"en-US\",\"potentialAction\":[{\"@type\":\"ReadAction\",\"target\":[\"https:\/\/cbdshop.ee\/en\/toode\/cbd-oil-for-dogs-10\/\"]}]},{\"@type\":\"BreadcrumbList\",\"@id\":\"https:\/\/cbdshop.ee\/en\/toode\/cbd-oil-for-dogs-10\/#breadcrumb\",\"itemListElement\":[{\"@type\":\"ListItem\",\"position\":1,\"name\":\"Home\",\"item\":\"https:\/\/cbdshop.ee\/en\/\"},{\"@type\":\"ListItem\",\"position\":2,\"name\":\"Products\",\"item\":\"https:\/\/cbdshop.ee\/en\/tooted\/\"},{\"@type\":\"ListItem\",\"position\":3,\"name\":\"CBD oil for dogs 10%\"}]},{\"@type\":\"WebSite\",\"@id\":\"https:\/\/cbdshop.ee\/#website\",\"url\":\"https:\/\/cbdshop.ee\/\",\"name\":\"CBDshop.ee\",\"description\":\"\u00d5itsed, \u00f5ietolm, CBD \u00f5li, CBD kanep, e-vedelikud\",\"publisher\":{\"@id\":\"https:\/\/cbdshop.ee\/#organization\"},\"potentialAction\":[{\"@type\":\"SearchAction\",\"target\":{\"@type\":\"EntryPoint\",\"urlTemplate\":\"https:\/\/cbdshop.ee\/?s={search_term_string}\"},\"query-input\":\"required name=search_term_string\"}],\"inLanguage\":\"en-US\"},{\"@type\":\"Organization\",\"@id\":\"https:\/\/cbdshop.ee\/#organization\",\"name\":\"Nordic Synergy O\u00dc\",\"url\":\"https:\/\/cbdshop.ee\/\",\"logo\":{\"@type\":\"ImageObject\",\"inLanguage\":\"en-US\",\"@id\":\"https:\/\/cbdshop.ee\/#\/schema\/logo\/image\/\",\"url\":\"\",\"contentUrl\":\"\",\"caption\":\"Nordic Synergy O\u00dc\"},\"image\":{\"@id\":\"https:\/\/cbdshop.ee\/#\/schema\/logo\/image\/\"},\"sameAs\":[\"https:\/\/m.facebook.com\/cbdshop.ee\/\",\"https:\/\/www.instagram.com\/cbdshop.ee\/\"]}]}<\/script>\n<!-- \/ Yoast SEO plugin. -->","yoast_head_json":{"title":"CBD oil for dogs 10% - CBDshop.ee","description":"CBD oil for dogs 10% \u2013 telli kvaliteetne CBD toode parima hinnaga. Tasuta tarne Eestis, diskreetne pakend. Osta mugavalt CBDshopi e-poest \u2013 kiire ja turvaline!","robots":{"index":"index","follow":"follow","max-snippet":"max-snippet:-1","max-image-preview":"max-image-preview:large","max-video-preview":"max-video-preview:-1"},"canonical":"https:\/\/cbdshop.ee\/en\/toode\/cbd-oil-for-dogs-10\/","og_locale":"en_US","og_type":"article","og_title":"CBD oil for dogs 10% - CBDshop.ee","og_description":"CBD oil for dogs 10% \u2013 telli kvaliteetne CBD toode parima hinnaga. Tasuta tarne Eestis, diskreetne pakend. Osta mugavalt CBDshopi e-poest \u2013 kiire ja turvaline!","og_url":"https:\/\/cbdshop.ee\/en\/toode\/cbd-oil-for-dogs-10\/","og_site_name":"CBDshop.ee","article_publisher":"https:\/\/m.facebook.com\/cbdshop.ee\/","article_modified_time":"2026-04-24T12:08:24+00:00","og_image":[{"width":610,"height":610,"url":"https:\/\/cbdshop.ee\/wp-content\/uploads\/2026\/04\/Cannaline-10procent-olie-store-hunde.w610.h610.fill_.png.webp","type":"image\/webp"}],"twitter_card":"summary_large_image","schema":{"@context":"https:\/\/schema.org","@graph":[{"@type":"WebPage","@id":"https:\/\/cbdshop.ee\/en\/toode\/cbd-oil-for-dogs-10\/","url":"https:\/\/cbdshop.ee\/en\/toode\/cbd-oil-for-dogs-10\/","name":"CBD oil for dogs 10% - CBDshop.ee","isPartOf":{"@id":"https:\/\/cbdshop.ee\/#website"},"datePublished":"2026-04-24T12:08:23+00:00","dateModified":"2026-04-24T12:08:24+00:00","description":"CBD oil for dogs 10% \u2013 telli kvaliteetne CBD toode parima hinnaga. Tasuta tarne Eestis, diskreetne pakend. Osta mugavalt CBDshopi e-poest \u2013 kiire ja turvaline!","breadcrumb":{"@id":"https:\/\/cbdshop.ee\/en\/toode\/cbd-oil-for-dogs-10\/#breadcrumb"},"inLanguage":"en-US","potentialAction":[{"@type":"ReadAction","target":["https:\/\/cbdshop.ee\/en\/toode\/cbd-oil-for-dogs-10\/"]}]},{"@type":"BreadcrumbList","@id":"https:\/\/cbdshop.ee\/en\/toode\/cbd-oil-for-dogs-10\/#breadcrumb","itemListElement":[{"@type":"ListItem","position":1,"name":"Home","item":"https:\/\/cbdshop.ee\/en\/"},{"@type":"ListItem","position":2,"name":"Products","item":"https:\/\/cbdshop.ee\/en\/tooted\/"},{"@type":"ListItem","position":3,"name":"CBD oil for dogs 10%"}]},{"@type":"WebSite","@id":"https:\/\/cbdshop.ee\/#website","url":"https:\/\/cbdshop.ee\/","name":"CBDshop.ee","description":"\u00d5itsed, \u00f5ietolm, CBD \u00f5li, CBD kanep, e-vedelikud","publisher":{"@id":"https:\/\/cbdshop.ee\/#organization"},"potentialAction":[{"@type":"SearchAction","target":{"@type":"EntryPoint","urlTemplate":"https:\/\/cbdshop.ee\/?s={search_term_string}"},"query-input":"required name=search_term_string"}],"inLanguage":"en-US"},{"@type":"Organization","@id":"https:\/\/cbdshop.ee\/#organization","name":"Nordic Synergy O\u00dc","url":"https:\/\/cbdshop.ee\/","logo":{"@type":"ImageObject","inLanguage":"en-US","@id":"https:\/\/cbdshop.ee\/#\/schema\/logo\/image\/","url":"","contentUrl":"","caption":"Nordic Synergy O\u00dc"},"image":{"@id":"https:\/\/cbdshop.ee\/#\/schema\/logo\/image\/"},"sameAs":["https:\/\/m.facebook.com\/cbdshop.ee\/","https:\/\/www.instagram.com\/cbdshop.ee\/"]}]}},"_links":{"self":[{"href":"https:\/\/www.cbdshop.ee\/en\/wp-json\/wp\/v2\/product\/40777"}],"collection":[{"href":"https:\/\/www.cbdshop.ee\/en\/wp-json\/wp\/v2\/product"}],"about":[{"href":"https:\/\/www.cbdshop.ee\/en\/wp-json\/wp\/v2\/types\/product"}],"replies":[{"embeddable":true,"href":"https:\/\/www.cbdshop.ee\/en\/wp-json\/wp\/v2\/comments?post=40777"}],"wp:featuredmedia":[{"embeddable":true,"href":"https:\/\/www.cbdshop.ee\/en\/wp-json\/wp\/v2\/media\/40778"}],"wp:attachment":[{"href":"https:\/\/www.cbdshop.ee\/en\/wp-json\/wp\/v2\/media?parent=40777"}],"wp:term":[{"taxonomy":"product_cat","embeddable":true,"href":"https:\/\/www.cbdshop.ee\/en\/wp-json\/wp\/v2\/product_cat?post=40777"},{"taxonomy":"product_tag","embeddable":true,"href":"https:\/\/www.cbdshop.ee\/en\/wp-json\/wp\/v2\/product_tag?post=40777"}],"curies":[{"name":"wp","href":"https:\/\/api.w.org\/{rel}","templated":true}]}}