{"id":20865,"date":"2018-08-28T12:34:15","date_gmt":"2018-08-28T09:34:15","guid":{"rendered":"https:\/\/cbdshop.ee\/privaatsustingimused\/"},"modified":"2022-10-19T22:23:00","modified_gmt":"2022-10-19T19:23:00","slug":"privaatsustingimused","status":"publish","type":"page","link":"https:\/\/www.cbdshop.ee\/fi\/privaatsustingimused\/","title":{"rendered":"Tietosuoja"},"content":{"rendered":"<div class=\"fusion-fullwidth fullwidth-box fusion-builder-row-1 nonhundred-percent-fullwidth non-hundred-percent-height-scrolling\" style=\"--awb-border-radius-top-left:0px;--awb-border-radius-top-right:0px;--awb-border-radius-bottom-right:0px;--awb-border-radius-bottom-left:0px;\" ><div class=\"fusion-builder-row fusion-row\"><div class=\"fusion-layout-column fusion_builder_column fusion-builder-column-0 fusion_builder_column_1_1 1_1 fusion-one-full fusion-column-first fusion-column-last\" style=\"--awb-bg-blend:overlay;--awb-bg-size:cover;\"><div class=\"fusion-column-wrapper fusion-flex-column-wrapper-legacy\"><div class=\"fusion-text fusion-text-1\"><p>CBDshop on sitoutunut suojaamaan asiakkaidensa ja k\u00e4ytt\u00e4jiens\u00e4 yksityisyytt\u00e4. N\u00e4in ollen olemme laatineet n\u00e4m\u00e4 tietosuojaperiaatteet asiakastietojen ker\u00e4\u00e4misest\u00e4, k\u00e4ytt\u00e4misest\u00e4, julkaisemisesta, v\u00e4litt\u00e4misest\u00e4 ja tallentamisesta. Toimintamme verkossa ovat kaikkien asiaankuuluvien toimien sek\u00e4 asiaankuuluvan Euroopan Unionin ja Viron tasavallan lains\u00e4\u00e4d\u00e4nn\u00f6n mukaisia. K\u00e4yt\u00e4 hieman aikaa ja lue tietosuojak\u00e4yt\u00e4nt\u00f6mme.<\/p>\n<h5 class=\"fusion-responsive-typography-calculated\" style=\"--fontsize: 20; line-height: 1.5; --minfontsize: 20;\" data-fontsize=\"20\" data-lineheight=\"30px\">Henkil\u00f6kohtaisten tietojen ker\u00e4\u00e4minen ja k\u00e4ytt\u00e4minen<\/h5>\n<p>Henkil\u00f6tiedot ovat CBDshopin ker\u00e4\u00e4mi\u00e4 ja k\u00e4sittelemi\u00e4 tietoja, joihin sinut tai joku toinen yksityinen henkil\u00f6 voidaan yhdist\u00e4\u00e4 suoraan tai ep\u00e4suoraan, ja jotka on ker\u00e4tty tilauksen t\u00e4yt\u00e4nt\u00f6\u00f6npanemiseksi tai henkil\u00f6\u00f6n yhteyden saamiseksi sek\u00e4 laillisten velvoitteiden t\u00e4ytt\u00e4miseksi.<br \/>\nAsiakkaan henkil\u00f6tietojen ker\u00e4\u00e4minen voidaan tehd\u00e4 seuraavilla tavoilla:<\/p>\n<ul>\n<li>yhteystietojen antaminen (mukaan lukien nimesi, henkil\u00f6tunnuksesi, postiosoitteesi, puhelinnumerosi, s\u00e4hk\u00f6postiosoitteesi, ensisijainen yhteydenottotapa) verkkosivuillamme tai muualla (esimerkiksi kaupoissa);<\/li>\n<li>kun k\u00e4yt\u00e4t verkkosivustoa asiakastilin tiedoista tai ev\u00e4steist\u00e4<\/li>\n<li>kun ostat tai tilaat myym\u00e4l\u00e4ss\u00e4mme tai verkkokaupassamme tallennettaessa henkil\u00f6kohtaisia yhteystietoja tai ostoasetuksia (CBDshop voi pyyt\u00e4\u00e4 sinua antamaan henkil\u00f6kohtaisia tietoja tietyiss\u00e4 verkkosivuston osissa. Henkil\u00f6kohtaiset tiedot voivat sis\u00e4lt\u00e4\u00e4 nimen, osoitteen, postinumeron, s\u00e4hk\u00f6postiosoitteen, puhelinnumeron ja muita tietoja));<\/li>\n<\/ul>\n<h5 class=\"fusion-responsive-typography-calculated\" style=\"--fontsize: 20; line-height: 1.5; --minfontsize: 20;\" data-fontsize=\"20\" data-lineheight=\"30px\">Muun tiedon ker\u00e4\u00e4minen<\/h5>\n<p>Ker\u00e4\u00e4mme my\u00f6s tietoja, jotka eiv\u00e4t ole henkil\u00f6kohtaisia &#8211; tietoja, joita ei voida suoraan liitt\u00e4\u00e4 yhteen tiettyyn henkil\u00f6\u00f6n (sukupuoli, ik\u00e4, kieliasetukset, sijainti). Voimme my\u00f6s ker\u00e4t\u00e4 asiakastoiminnan tietoja verkkosivuillamme. N\u00e4m\u00e4 tiedot kootaan yhteen ja niit\u00e4 k\u00e4ytet\u00e4\u00e4n tarjoamaan asiakkaille enemm\u00e4n hy\u00f6dyllist\u00e4 tietoa ja selvitt\u00e4m\u00e4\u00e4n, mitk\u00e4 verkkosivuston osat, tuotteet ja palvelut ovat suosituimpia. Koostettuja tietoja k\u00e4sitell\u00e4\u00e4n ei-henkil\u00f6kohtaisena tietona t\u00e4ss\u00e4 tietosuojak\u00e4yt\u00e4nn\u00f6ss\u00e4.<\/p>\n<h5 class=\"fusion-responsive-typography-calculated\" style=\"--fontsize: 20; line-height: 1.5; --minfontsize: 20;\" data-fontsize=\"20\" data-lineheight=\"30px\">Henkil\u00f6kohtaisten tietojen k\u00e4ytt\u00f6 ja tallentaminen<\/h5>\n<p>Ker\u00e4\u00e4miemme henkil\u00f6kohtaisten tietojen avulla voimme ilmoittaa asiakkaillemme CBDshopin tuoteuutisista, kampanjoista ja tulevista tapahtumista. Asiakas, joka ei halua olla uutiskirjeemme jakelulistalla tai vastaanottaa ilmoituksia tuotteista, jotka saattavat kiinnostaa h\u00e4nt\u00e4, voidaan poistaa listalta milloin tahansa.<\/p>\n<p>K\u00e4yt\u00e4mme ker\u00e4\u00e4mi\u00e4mme henkil\u00f6kohtaisia \u200b\u200btietoja my\u00f6s tuotteiden toimittamiseksi sek\u00e4 asiakkaalle kohdentuvien velvoitteidemme t\u00e4ytt\u00e4miseksi.<\/p>\n<p>Hyv\u00e4ksym\u00e4ll\u00e4 tietosuojak\u00e4yt\u00e4nn\u00f6n ehdot asiakas antaa CBDshopille suostumuksensa automatisoituun tietojen k\u00e4sittelyyn. Voit aina peruuttaa suostumuksesi verkkosivuillamme tai lomakkeella, joka voidaan kopioida kirjallisesti. Suostumuksen peruutuksen hakemisella tai peruuttamisella ei ole takautuvaa vaikutusta.<\/p>\n<p>Jotta asiakasta voitaisiin palvella paremmin, CBDshop voi luovuttaa tietoja yksitt\u00e4isist\u00e4 k\u00e4ytt\u00e4jist\u00e4 kolmannelle osapuolelle, joka tarjoaa palveluja CBDshopille ja joka on sidottu sopimuksella pit\u00e4m\u00e4\u00e4n jaettu tieto luottamuksellisena. Kolmas osapuoli on esimerkiksi yhteysty\u00f6kumppanimme, joka vastaa verkkokaupassa myytyjen tavaroiden kuljettamisesta tai ostopalvelujen tarjoamisesta.<\/p>\n<p>CBDshop tallentaa asiakkaan henkil\u00f6tiedot henkil\u00f6kohtaisen asiakassopimuksen p\u00e4\u00e4ttymiseen saakka. Tiedot, jotka CBDshopin on s\u00e4ilytett\u00e4v\u00e4 lain nojalla (esim. kirjanpitotiedot) s\u00e4ilytet\u00e4\u00e4n lakis\u00e4\u00e4teisten vaatimusten mukaisesti.<\/p>\n<h5 class=\"fusion-responsive-typography-calculated\" style=\"--fontsize: 20; line-height: 1.5; --minfontsize: 20;\" data-fontsize=\"20\" data-lineheight=\"30px\">Ker\u00e4ttyjen henkil\u00f6kohtaisten tietojen muokkaaminen<\/h5>\n<p>Tunnistautumiseen ja yhteydenpitoon asiakkaalta ker\u00e4ttyj\u00e4 henkil\u00f6tietoja voidaan muokata s\u00e4hk\u00f6postitse: cbdshop.estland@gmail.com<\/p>\n<h5 class=\"fusion-responsive-typography-calculated\" style=\"--fontsize: 20; line-height: 1.5; --minfontsize: 20;\" data-fontsize=\"20\" data-lineheight=\"30px\">Henkil\u00f6tietojen suojaaminen<\/h5>\n<p>CBDshop soveltaa kaikkia varotoimenpiteit\u00e4 (mukaan lukien hallinnolliset, tekniset ja fyysiset toimenpiteet) asiakkaan henkil\u00f6tietojen suojaamiseksi. Tietojen muokkaamiseen ja k\u00e4sittelyyn p\u00e4\u00e4sy on rajoitettu vain valtuutetuille henkil\u00f6ille.<\/p>\n<p>Jos ep\u00e4ilet, ett\u00e4 henkil\u00f6kohtaisia \u200b\u200btietojasi on k\u00e4sitelty t\u00e4m\u00e4n tietosuojak\u00e4yt\u00e4nn\u00f6n vastaisesti tai on olemassa vaara, ett\u00e4 tietosi vuotavat muille ihmisille, ilmoita siit\u00e4 meille v\u00e4litt\u00f6m\u00e4sti. Vain t\u00e4ll\u00e4 tavoin voimme minimoida mahdolliset vahingot.<\/p>\n<p>Asiakkaalla on oikeus pyyt\u00e4\u00e4 tietojensa k\u00e4sittelyn lopettamista, tietoja tietojen k\u00e4yt\u00f6st\u00e4 sek\u00e4 tietojen siirt\u00e4mist\u00e4 itselleen tai kolmannelle osapuolelle julkisessa muodossa. Asiakastietojen ja -oikeuksien v\u00e4\u00e4rink\u00e4yt\u00f6n ehk\u00e4isemiseksi hakemukset voidaan j\u00e4tt\u00e4\u00e4 vain muodossa, jossa hakija on tunnistettavissa (digitaalisesti allekirjoitettu tai edustajan henkil\u00f6kohtaisesti allekirjoittama). Meill\u00e4 on oikeus vastata t\u00e4llaisiin pyynt\u00f6ihin 30 p\u00e4iv\u00e4n kuluessa.<\/p>\n<p>Tietojen k\u00e4sittelyn lopettamista koskeva vaatimus katsotaan kanta-asiakassopimuksen irtisanomista koskevaksi hakemukseksi.<\/p>\n<h5 class=\"fusion-responsive-typography-calculated\" style=\"--fontsize: 20; line-height: 1.5; --minfontsize: 20;\" data-fontsize=\"20\" data-lineheight=\"30px\">Turvallisuus<\/h5>\n<p>Kaikkia asiakkaan henkil\u00f6tietoja, jotka on saatu tietoon vierailun ja CBDshop-verkkokaupassa tehdyn oston yhteydess\u00e4, k\u00e4sitell\u00e4\u00e4n luottamuksellisina. Salattu tietoliikenne pankkien kanssa takaa ostajan henkil\u00f6tietojen ja pankkitietojen turvallisuuden.<\/p>\n<h5 class=\"fusion-responsive-typography-calculated\" style=\"--fontsize: 20; line-height: 1.5; --minfontsize: 20;\" data-fontsize=\"20\" data-lineheight=\"30px\">Tietosuojak\u00e4yt\u00e4nn\u00f6n ehdot ja muutokset<\/h5>\n<p>Kun k\u00e4yt\u00e4t verkkosivustoamme tai t\u00e4yt\u00e4t kanta-asiakasohjelman hakemuksen, olet lukenut ja hyv\u00e4ksynyt n\u00e4m\u00e4 periaatteet ja ehdot. Pid\u00e4t\u00e4mme oikeuden tarvittaessa muuttaa tietosuojak\u00e4yt\u00e4nn\u00f6n ehtoja ilmoittamalla siit\u00e4 kaikille kanta-asiakkaille, mutta teemme parhaamme pit\u00e4\u00e4ksemme tietosuojak\u00e4yt\u00e4nt\u00f6mme ajan tasalla ja saatavillasi verkkosivuillamme.<\/p>\n<p>Jos sinulla on kysytt\u00e4v\u00e4\u00e4 yksityisyyden suojasta tai tietojenk\u00e4sittelyst\u00e4, ota yhteytt\u00e4 cbdshop.estland@gmail.com<\/p>\n<p>Sinulla on aina oikeus olla yhteydess\u00e4 tietosuojavalvontaviranomaiseen tai tuomioistuimeen tietojesi suojaamiseksi. Tietosuojavalvontaviranomainen on kansallinen viranomainen, jota voidaan my\u00f6s kuulla liittyen henkil\u00f6tietojen suojaa koskeviin kysymyksiin tai avuntarpeen vuoksi.<\/p>\n<div id=\"gtx-trans\" style=\"position: absolute; left: 934px; top: 999.062px;\">\n<div class=\"gtx-trans-icon\"><\/div>\n<\/div>\n<\/div><div class=\"fusion-clearfix\"><\/div><\/div><\/div><\/div><\/div>\n","protected":false},"excerpt":{"rendered":"","protected":false},"author":4,"featured_media":0,"parent":0,"menu_order":0,"comment_status":"closed","ping_status":"closed","template":"","meta":[],"yoast_head":"<!-- This site is optimized with the Yoast SEO plugin v20.8 - https:\/\/yoast.com\/wordpress\/plugins\/seo\/ -->\n<title>Tietosuoja - CBDshop.ee<\/title>\n<meta name=\"robots\" content=\"index, follow, max-snippet:-1, max-image-preview:large, max-video-preview:-1\" \/>\n<link rel=\"canonical\" href=\"https:\/\/www.cbdshop.ee\/fi\/privaatsustingimused\/\" \/>\n<meta property=\"og:locale\" content=\"fi_FI\" \/>\n<meta property=\"og:type\" content=\"article\" \/>\n<meta property=\"og:title\" content=\"Tietosuoja - CBDshop.ee\" \/>\n<meta property=\"og:url\" content=\"https:\/\/www.cbdshop.ee\/fi\/privaatsustingimused\/\" \/>\n<meta property=\"og:site_name\" content=\"CBDshop.ee\" \/>\n<meta property=\"article:publisher\" content=\"https:\/\/m.facebook.com\/cbdshop.ee\/\" \/>\n<meta property=\"article:modified_time\" content=\"2022-10-19T19:23:00+00:00\" \/>\n<meta name=\"twitter:card\" content=\"summary_large_image\" \/>\n<meta name=\"twitter:label1\" content=\"Arvioitu lukuaika\" \/>\n\t<meta name=\"twitter:data1\" content=\"4 minuuttia\" \/>\n<script type=\"application\/ld+json\" class=\"yoast-schema-graph\">{\"@context\":\"https:\/\/schema.org\",\"@graph\":[{\"@type\":\"WebPage\",\"@id\":\"https:\/\/www.cbdshop.ee\/fi\/privaatsustingimused\/\",\"url\":\"https:\/\/www.cbdshop.ee\/fi\/privaatsustingimused\/\",\"name\":\"Tietosuoja - CBDshop.ee\",\"isPartOf\":{\"@id\":\"https:\/\/cbdshop.ee\/#website\"},\"datePublished\":\"2018-08-28T09:34:15+00:00\",\"dateModified\":\"2022-10-19T19:23:00+00:00\",\"breadcrumb\":{\"@id\":\"https:\/\/www.cbdshop.ee\/fi\/privaatsustingimused\/#breadcrumb\"},\"inLanguage\":\"fi\",\"potentialAction\":[{\"@type\":\"ReadAction\",\"target\":[\"https:\/\/www.cbdshop.ee\/fi\/privaatsustingimused\/\"]}]},{\"@type\":\"BreadcrumbList\",\"@id\":\"https:\/\/www.cbdshop.ee\/fi\/privaatsustingimused\/#breadcrumb\",\"itemListElement\":[{\"@type\":\"ListItem\",\"position\":1,\"name\":\"Home\",\"item\":\"https:\/\/cbdshop.ee\/fi\/\"},{\"@type\":\"ListItem\",\"position\":2,\"name\":\"Tietosuoja\"}]},{\"@type\":\"WebSite\",\"@id\":\"https:\/\/cbdshop.ee\/#website\",\"url\":\"https:\/\/cbdshop.ee\/\",\"name\":\"CBDshop.ee\",\"description\":\"\u00d5itsed, \u00f5ietolm, CBD \u00f5li, CBD kanep, e-vedelikud\",\"publisher\":{\"@id\":\"https:\/\/cbdshop.ee\/#organization\"},\"potentialAction\":[{\"@type\":\"SearchAction\",\"target\":{\"@type\":\"EntryPoint\",\"urlTemplate\":\"https:\/\/cbdshop.ee\/?s={search_term_string}\"},\"query-input\":\"required name=search_term_string\"}],\"inLanguage\":\"fi\"},{\"@type\":\"Organization\",\"@id\":\"https:\/\/cbdshop.ee\/#organization\",\"name\":\"Nordic Synergy O\u00dc\",\"url\":\"https:\/\/cbdshop.ee\/\",\"logo\":{\"@type\":\"ImageObject\",\"inLanguage\":\"fi\",\"@id\":\"https:\/\/cbdshop.ee\/#\/schema\/logo\/image\/\",\"url\":\"\",\"contentUrl\":\"\",\"caption\":\"Nordic Synergy O\u00dc\"},\"image\":{\"@id\":\"https:\/\/cbdshop.ee\/#\/schema\/logo\/image\/\"},\"sameAs\":[\"https:\/\/m.facebook.com\/cbdshop.ee\/\",\"https:\/\/www.instagram.com\/cbdshop.ee\/\"]}]}<\/script>\n<!-- \/ Yoast SEO plugin. -->","yoast_head_json":{"title":"Tietosuoja - CBDshop.ee","robots":{"index":"index","follow":"follow","max-snippet":"max-snippet:-1","max-image-preview":"max-image-preview:large","max-video-preview":"max-video-preview:-1"},"canonical":"https:\/\/www.cbdshop.ee\/fi\/privaatsustingimused\/","og_locale":"fi_FI","og_type":"article","og_title":"Tietosuoja - CBDshop.ee","og_url":"https:\/\/www.cbdshop.ee\/fi\/privaatsustingimused\/","og_site_name":"CBDshop.ee","article_publisher":"https:\/\/m.facebook.com\/cbdshop.ee\/","article_modified_time":"2022-10-19T19:23:00+00:00","twitter_card":"summary_large_image","twitter_misc":{"Arvioitu lukuaika":"4 minuuttia"},"schema":{"@context":"https:\/\/schema.org","@graph":[{"@type":"WebPage","@id":"https:\/\/www.cbdshop.ee\/fi\/privaatsustingimused\/","url":"https:\/\/www.cbdshop.ee\/fi\/privaatsustingimused\/","name":"Tietosuoja - CBDshop.ee","isPartOf":{"@id":"https:\/\/cbdshop.ee\/#website"},"datePublished":"2018-08-28T09:34:15+00:00","dateModified":"2022-10-19T19:23:00+00:00","breadcrumb":{"@id":"https:\/\/www.cbdshop.ee\/fi\/privaatsustingimused\/#breadcrumb"},"inLanguage":"fi","potentialAction":[{"@type":"ReadAction","target":["https:\/\/www.cbdshop.ee\/fi\/privaatsustingimused\/"]}]},{"@type":"BreadcrumbList","@id":"https:\/\/www.cbdshop.ee\/fi\/privaatsustingimused\/#breadcrumb","itemListElement":[{"@type":"ListItem","position":1,"name":"Home","item":"https:\/\/cbdshop.ee\/fi\/"},{"@type":"ListItem","position":2,"name":"Tietosuoja"}]},{"@type":"WebSite","@id":"https:\/\/cbdshop.ee\/#website","url":"https:\/\/cbdshop.ee\/","name":"CBDshop.ee","description":"\u00d5itsed, \u00f5ietolm, CBD \u00f5li, CBD kanep, e-vedelikud","publisher":{"@id":"https:\/\/cbdshop.ee\/#organization"},"potentialAction":[{"@type":"SearchAction","target":{"@type":"EntryPoint","urlTemplate":"https:\/\/cbdshop.ee\/?s={search_term_string}"},"query-input":"required name=search_term_string"}],"inLanguage":"fi"},{"@type":"Organization","@id":"https:\/\/cbdshop.ee\/#organization","name":"Nordic Synergy O\u00dc","url":"https:\/\/cbdshop.ee\/","logo":{"@type":"ImageObject","inLanguage":"fi","@id":"https:\/\/cbdshop.ee\/#\/schema\/logo\/image\/","url":"","contentUrl":"","caption":"Nordic Synergy O\u00dc"},"image":{"@id":"https:\/\/cbdshop.ee\/#\/schema\/logo\/image\/"},"sameAs":["https:\/\/m.facebook.com\/cbdshop.ee\/","https:\/\/www.instagram.com\/cbdshop.ee\/"]}]}},"_links":{"self":[{"href":"https:\/\/www.cbdshop.ee\/fi\/wp-json\/wp\/v2\/pages\/20865"}],"collection":[{"href":"https:\/\/www.cbdshop.ee\/fi\/wp-json\/wp\/v2\/pages"}],"about":[{"href":"https:\/\/www.cbdshop.ee\/fi\/wp-json\/wp\/v2\/types\/page"}],"author":[{"embeddable":true,"href":"https:\/\/www.cbdshop.ee\/fi\/wp-json\/wp\/v2\/users\/4"}],"replies":[{"embeddable":true,"href":"https:\/\/www.cbdshop.ee\/fi\/wp-json\/wp\/v2\/comments?post=20865"}],"version-history":[{"count":2,"href":"https:\/\/www.cbdshop.ee\/fi\/wp-json\/wp\/v2\/pages\/20865\/revisions"}],"predecessor-version":[{"id":29439,"href":"https:\/\/www.cbdshop.ee\/fi\/wp-json\/wp\/v2\/pages\/20865\/revisions\/29439"}],"wp:attachment":[{"href":"https:\/\/www.cbdshop.ee\/fi\/wp-json\/wp\/v2\/media?parent=20865"}],"curies":[{"name":"wp","href":"https:\/\/api.w.org\/{rel}","templated":true}]}}