{"id":40570,"date":"2026-04-04T00:30:58","date_gmt":"2026-04-03T21:35:16","guid":{"rendered":"https:\/\/cbdshop.ee\/?post_type=product&#038;p=40570"},"modified":"2026-04-04T00:35:17","modified_gmt":"2026-04-03T21:35:17","slug":"cbd-oljy-koirille-5","status":"publish","type":"product","link":"https:\/\/www.cbdshop.ee\/fi\/toode\/cbd-oljy-koirille-5\/","title":{"rendered":"CBD-\u00f6ljy koirille 5%"},"content":{"rendered":"","protected":false},"excerpt":{"rendered":"<p data-start=\"0\" data-end=\"48\"><strong data-start=\"0\" data-end=\"48\">Tue pienen koirasi terveytt\u00e4 ja hyvinvointia<\/strong><\/p>\n<p data-start=\"50\" data-end=\"299\">Cannaline CBD-\u00f6ljy on kehitetty erityisesti pienille koirille tukemaan niiden tasapainoa ja yleist\u00e4 elinvoimaa. T\u00e4m\u00e4 5 % CBD-\u00f6ljy sis\u00e4lt\u00e4\u00e4 korkealaatuista kannabidiolia (CBD), ja luonnollisen naudanlihan maun ansiosta koirat hyv\u00e4ksyv\u00e4t sen helposti.<\/p>\n<ul data-start=\"301\" data-end=\"607\">\n<li data-section-id=\"1ibicq9\" data-start=\"301\" data-end=\"340\">Auttaa stressiin ja eroahdistukseen<\/li>\n<li data-section-id=\"z3qvzs\" data-start=\"341\" data-end=\"392\">Edist\u00e4\u00e4 rauhallisuutta ja henkist\u00e4 hyvinvointia<\/li>\n<li data-section-id=\"18f3t4v\" data-start=\"393\" data-end=\"440\">Tukee ihon, turkin ja nivelten hyvinvointia<\/li>\n<li data-section-id=\"u7h380\" data-start=\"441\" data-end=\"505\">100 % luonnollinen koostumus ilman keinotekoisia lis\u00e4aineita<\/li>\n<li data-section-id=\"1run7ix\" data-start=\"506\" data-end=\"607\">Valtion el\u00e4inl\u00e4\u00e4kinn\u00e4llisten biologisten valmisteiden ja l\u00e4\u00e4kkeiden valvontalaitoksen sertifioima<\/li>\n<\/ul>\n<p data-start=\"609\" data-end=\"676\"><strong data-start=\"609\" data-end=\"621\">Sis\u00e4lt\u00f6:<\/strong> 10 ml (500 mg CBD)<br data-start=\"640\" data-end=\"643\" \/><strong data-start=\"643\" data-end=\"653\">Sopii:<\/strong> pienille koiraroduille<\/p>\n<p data-start=\"678\" data-end=\"801\" data-is-last-node=\"\" data-is-only-node=\"\">Anna karvaiselle yst\u00e4v\u00e4llesi parasta \u2013 Cannaline CBD-\u00f6ljy on t\u00e4ydellinen valinta koirasi terveeseen ja onnelliseen el\u00e4m\u00e4\u00e4n.<\/p>\n","protected":false},"featured_media":40568,"comment_status":"open","ping_status":"closed","template":"","meta":[],"product_cat":[463],"product_tag":[],"yoast_head":"<!-- This site is optimized with the Yoast SEO plugin v20.8 - https:\/\/yoast.com\/wordpress\/plugins\/seo\/ -->\n<title>CBD-\u00f6ljy koirille 5% - CBDshop.ee<\/title>\n<meta name=\"description\" content=\"CBD-\u00f6ljy koirille 5% \u2013 telli kvaliteetne CBD toode parima hinnaga. Tasuta tarne Eestis, diskreetne pakend. Osta mugavalt CBDshopi e-poest \u2013 kiire ja turvaline!\" \/>\n<meta name=\"robots\" content=\"index, follow, max-snippet:-1, max-image-preview:large, max-video-preview:-1\" \/>\n<link rel=\"canonical\" href=\"https:\/\/cbdshop.ee\/fi\/toode\/cbd-oljy-koirille-5\/\" \/>\n<meta property=\"og:locale\" content=\"fi_FI\" \/>\n<meta property=\"og:type\" content=\"article\" \/>\n<meta property=\"og:title\" content=\"CBD-\u00f6ljy koirille 5% - CBDshop.ee\" \/>\n<meta property=\"og:description\" content=\"CBD-\u00f6ljy koirille 5% \u2013 telli kvaliteetne CBD toode parima hinnaga. Tasuta tarne Eestis, diskreetne pakend. Osta mugavalt CBDshopi e-poest \u2013 kiire ja turvaline!\" \/>\n<meta property=\"og:url\" content=\"https:\/\/cbdshop.ee\/fi\/toode\/cbd-oljy-koirille-5\/\" \/>\n<meta property=\"og:site_name\" content=\"CBDshop.ee\" \/>\n<meta property=\"article:publisher\" content=\"https:\/\/m.facebook.com\/cbdshop.ee\/\" \/>\n<meta property=\"article:modified_time\" content=\"2026-04-03T21:35:17+00:00\" \/>\n<meta property=\"og:image\" content=\"https:\/\/www.cbdshop.ee\/wp-content\/uploads\/2026\/04\/64a5bfcd8a.jpg\" \/>\n\t<meta property=\"og:image:width\" content=\"768\" \/>\n\t<meta property=\"og:image:height\" content=\"768\" \/>\n\t<meta property=\"og:image:type\" content=\"image\/jpeg\" \/>\n<meta name=\"twitter:card\" content=\"summary_large_image\" \/>\n<script type=\"application\/ld+json\" class=\"yoast-schema-graph\">{\"@context\":\"https:\/\/schema.org\",\"@graph\":[{\"@type\":\"WebPage\",\"@id\":\"https:\/\/cbdshop.ee\/fi\/toode\/cbd-oljy-koirille-5\/\",\"url\":\"https:\/\/cbdshop.ee\/fi\/toode\/cbd-oljy-koirille-5\/\",\"name\":\"CBD-\u00f6ljy koirille 5% - CBDshop.ee\",\"isPartOf\":{\"@id\":\"https:\/\/cbdshop.ee\/#website\"},\"datePublished\":\"2026-04-03T21:35:16+00:00\",\"dateModified\":\"2026-04-03T21:35:17+00:00\",\"description\":\"CBD-\u00f6ljy koirille 5% \u2013 telli kvaliteetne CBD toode parima hinnaga. Tasuta tarne Eestis, diskreetne pakend. Osta mugavalt CBDshopi e-poest \u2013 kiire ja turvaline!\",\"breadcrumb\":{\"@id\":\"https:\/\/cbdshop.ee\/fi\/toode\/cbd-oljy-koirille-5\/#breadcrumb\"},\"inLanguage\":\"fi\",\"potentialAction\":[{\"@type\":\"ReadAction\",\"target\":[\"https:\/\/cbdshop.ee\/fi\/toode\/cbd-oljy-koirille-5\/\"]}]},{\"@type\":\"BreadcrumbList\",\"@id\":\"https:\/\/cbdshop.ee\/fi\/toode\/cbd-oljy-koirille-5\/#breadcrumb\",\"itemListElement\":[{\"@type\":\"ListItem\",\"position\":1,\"name\":\"Home\",\"item\":\"https:\/\/cbdshop.ee\/fi\/\"},{\"@type\":\"ListItem\",\"position\":2,\"name\":\"Tuotteet\",\"item\":\"https:\/\/www.cbdshop.ee\/fi\/tooted\/\"},{\"@type\":\"ListItem\",\"position\":3,\"name\":\"CBD-\u00f6ljy koirille 5%\"}]},{\"@type\":\"WebSite\",\"@id\":\"https:\/\/cbdshop.ee\/#website\",\"url\":\"https:\/\/cbdshop.ee\/\",\"name\":\"CBDshop.ee\",\"description\":\"\u00d5itsed, \u00f5ietolm, CBD \u00f5li, CBD kanep, e-vedelikud\",\"publisher\":{\"@id\":\"https:\/\/cbdshop.ee\/#organization\"},\"potentialAction\":[{\"@type\":\"SearchAction\",\"target\":{\"@type\":\"EntryPoint\",\"urlTemplate\":\"https:\/\/cbdshop.ee\/?s={search_term_string}\"},\"query-input\":\"required name=search_term_string\"}],\"inLanguage\":\"fi\"},{\"@type\":\"Organization\",\"@id\":\"https:\/\/cbdshop.ee\/#organization\",\"name\":\"Nordic Synergy O\u00dc\",\"url\":\"https:\/\/cbdshop.ee\/\",\"logo\":{\"@type\":\"ImageObject\",\"inLanguage\":\"fi\",\"@id\":\"https:\/\/cbdshop.ee\/#\/schema\/logo\/image\/\",\"url\":\"\",\"contentUrl\":\"\",\"caption\":\"Nordic Synergy O\u00dc\"},\"image\":{\"@id\":\"https:\/\/cbdshop.ee\/#\/schema\/logo\/image\/\"},\"sameAs\":[\"https:\/\/m.facebook.com\/cbdshop.ee\/\",\"https:\/\/www.instagram.com\/cbdshop.ee\/\"]}]}<\/script>\n<!-- \/ Yoast SEO plugin. -->","yoast_head_json":{"title":"CBD-\u00f6ljy koirille 5% - CBDshop.ee","description":"CBD-\u00f6ljy koirille 5% \u2013 telli kvaliteetne CBD toode parima hinnaga. Tasuta tarne Eestis, diskreetne pakend. Osta mugavalt CBDshopi e-poest \u2013 kiire ja turvaline!","robots":{"index":"index","follow":"follow","max-snippet":"max-snippet:-1","max-image-preview":"max-image-preview:large","max-video-preview":"max-video-preview:-1"},"canonical":"https:\/\/cbdshop.ee\/fi\/toode\/cbd-oljy-koirille-5\/","og_locale":"fi_FI","og_type":"article","og_title":"CBD-\u00f6ljy koirille 5% - CBDshop.ee","og_description":"CBD-\u00f6ljy koirille 5% \u2013 telli kvaliteetne CBD toode parima hinnaga. Tasuta tarne Eestis, diskreetne pakend. Osta mugavalt CBDshopi e-poest \u2013 kiire ja turvaline!","og_url":"https:\/\/cbdshop.ee\/fi\/toode\/cbd-oljy-koirille-5\/","og_site_name":"CBDshop.ee","article_publisher":"https:\/\/m.facebook.com\/cbdshop.ee\/","article_modified_time":"2026-04-03T21:35:17+00:00","og_image":[{"width":768,"height":768,"url":"https:\/\/www.cbdshop.ee\/wp-content\/uploads\/2026\/04\/64a5bfcd8a.jpg","type":"image\/jpeg"}],"twitter_card":"summary_large_image","schema":{"@context":"https:\/\/schema.org","@graph":[{"@type":"WebPage","@id":"https:\/\/cbdshop.ee\/fi\/toode\/cbd-oljy-koirille-5\/","url":"https:\/\/cbdshop.ee\/fi\/toode\/cbd-oljy-koirille-5\/","name":"CBD-\u00f6ljy koirille 5% - CBDshop.ee","isPartOf":{"@id":"https:\/\/cbdshop.ee\/#website"},"datePublished":"2026-04-03T21:35:16+00:00","dateModified":"2026-04-03T21:35:17+00:00","description":"CBD-\u00f6ljy koirille 5% \u2013 telli kvaliteetne CBD toode parima hinnaga. Tasuta tarne Eestis, diskreetne pakend. Osta mugavalt CBDshopi e-poest \u2013 kiire ja turvaline!","breadcrumb":{"@id":"https:\/\/cbdshop.ee\/fi\/toode\/cbd-oljy-koirille-5\/#breadcrumb"},"inLanguage":"fi","potentialAction":[{"@type":"ReadAction","target":["https:\/\/cbdshop.ee\/fi\/toode\/cbd-oljy-koirille-5\/"]}]},{"@type":"BreadcrumbList","@id":"https:\/\/cbdshop.ee\/fi\/toode\/cbd-oljy-koirille-5\/#breadcrumb","itemListElement":[{"@type":"ListItem","position":1,"name":"Home","item":"https:\/\/cbdshop.ee\/fi\/"},{"@type":"ListItem","position":2,"name":"Tuotteet","item":"https:\/\/www.cbdshop.ee\/fi\/tooted\/"},{"@type":"ListItem","position":3,"name":"CBD-\u00f6ljy koirille 5%"}]},{"@type":"WebSite","@id":"https:\/\/cbdshop.ee\/#website","url":"https:\/\/cbdshop.ee\/","name":"CBDshop.ee","description":"\u00d5itsed, \u00f5ietolm, CBD \u00f5li, CBD kanep, e-vedelikud","publisher":{"@id":"https:\/\/cbdshop.ee\/#organization"},"potentialAction":[{"@type":"SearchAction","target":{"@type":"EntryPoint","urlTemplate":"https:\/\/cbdshop.ee\/?s={search_term_string}"},"query-input":"required name=search_term_string"}],"inLanguage":"fi"},{"@type":"Organization","@id":"https:\/\/cbdshop.ee\/#organization","name":"Nordic Synergy O\u00dc","url":"https:\/\/cbdshop.ee\/","logo":{"@type":"ImageObject","inLanguage":"fi","@id":"https:\/\/cbdshop.ee\/#\/schema\/logo\/image\/","url":"","contentUrl":"","caption":"Nordic Synergy O\u00dc"},"image":{"@id":"https:\/\/cbdshop.ee\/#\/schema\/logo\/image\/"},"sameAs":["https:\/\/m.facebook.com\/cbdshop.ee\/","https:\/\/www.instagram.com\/cbdshop.ee\/"]}]}},"_links":{"self":[{"href":"https:\/\/www.cbdshop.ee\/fi\/wp-json\/wp\/v2\/product\/40570"}],"collection":[{"href":"https:\/\/www.cbdshop.ee\/fi\/wp-json\/wp\/v2\/product"}],"about":[{"href":"https:\/\/www.cbdshop.ee\/fi\/wp-json\/wp\/v2\/types\/product"}],"replies":[{"embeddable":true,"href":"https:\/\/www.cbdshop.ee\/fi\/wp-json\/wp\/v2\/comments?post=40570"}],"wp:featuredmedia":[{"embeddable":true,"href":"https:\/\/www.cbdshop.ee\/fi\/wp-json\/wp\/v2\/media\/40568"}],"wp:attachment":[{"href":"https:\/\/www.cbdshop.ee\/fi\/wp-json\/wp\/v2\/media?parent=40570"}],"wp:term":[{"taxonomy":"product_cat","embeddable":true,"href":"https:\/\/www.cbdshop.ee\/fi\/wp-json\/wp\/v2\/product_cat?post=40570"},{"taxonomy":"product_tag","embeddable":true,"href":"https:\/\/www.cbdshop.ee\/fi\/wp-json\/wp\/v2\/product_tag?post=40570"}],"curies":[{"name":"wp","href":"https:\/\/api.w.org\/{rel}","templated":true}]}}