{"id":40782,"date":"2026-04-24T15:08:23","date_gmt":"2026-04-24T12:08:23","guid":{"rendered":"https:\/\/cbdshop.ee\/toode\/cbd-oil-for-dogs-10\/"},"modified":"2026-04-24T15:14:49","modified_gmt":"2026-04-24T12:14:49","slug":"cbd-oil-for-dogs-10","status":"publish","type":"product","link":"https:\/\/www.cbdshop.ee\/fi\/toode\/cbd-oil-for-dogs-10\/","title":{"rendered":"CBD-\u00f6ljy koirille 10%"},"content":{"rendered":"","protected":false},"excerpt":{"rendered":"<p data-start=\"0\" data-end=\"64\"><strong data-start=\"0\" data-end=\"64\">Tehokasta tukea suuren koirasi terveydelle ja hyvinvoinnille<\/strong><\/p>\n<p data-start=\"66\" data-end=\"394\">Cannaline CBD-\u00f6ljy on tehokas 10 % CBD-\u00f6ljy, joka on kehitetty erityisesti suurille koiraroduille. Se sis\u00e4lt\u00e4\u00e4 kannabidiolia (CBD), joka auttaa yll\u00e4pit\u00e4m\u00e4\u00e4n fyysist\u00e4 ja henkist\u00e4 tasapainoa sek\u00e4 tukee rauhallisuutta, liikkuvuutta ja yleist\u00e4 hyvinvointia. Luonnollisen naudanlihan maun ansiosta se maistuu my\u00f6s nirsoille koirille.<\/p>\n<ul data-start=\"396\" data-end=\"792\">\n<li data-section-id=\"z3qvzs\" data-start=\"396\" data-end=\"447\">Edist\u00e4\u00e4 rauhallisuutta ja henkist\u00e4 hyvinvointia<\/li>\n<li data-section-id=\"qh7ull\" data-start=\"448\" data-end=\"506\">Auttaa stressiin, eroahdistukseen ja yliaktiivisuuteen<\/li>\n<li data-section-id=\"1xyg2qd\" data-start=\"507\" data-end=\"560\">Tukee nivelten terveytt\u00e4 ja parantaa liikkuvuutta<\/li>\n<li data-section-id=\"106na0j\" data-start=\"561\" data-end=\"616\">Vahvistaa immuunij\u00e4rjestelm\u00e4\u00e4 ja yleist\u00e4 elinvoimaa<\/li>\n<li data-section-id=\"u7h380\" data-start=\"617\" data-end=\"681\">100 % luonnollinen koostumus ilman keinotekoisia lis\u00e4aineita<\/li>\n<li data-section-id=\"irovrc\" data-start=\"682\" data-end=\"792\">Sertifioitu valtion el\u00e4inl\u00e4\u00e4kinn\u00e4llisten biologisten valmisteiden ja l\u00e4\u00e4kkeiden valvontalaitoksen toimesta<\/li>\n<\/ul>\n<p data-start=\"794\" data-end=\"857\" data-is-last-node=\"\" data-is-only-node=\"\"><strong data-start=\"794\" data-end=\"806\">Sis\u00e4lt\u00f6:<\/strong> 10 ml (1000 mg CBD)<br data-start=\"826\" data-end=\"829\" \/>Sopii suurille koiraroduille<\/p>\n","protected":false},"featured_media":40780,"comment_status":"open","ping_status":"closed","template":"","meta":[],"product_cat":[498,463],"product_tag":[],"yoast_head":"<!-- This site is optimized with the Yoast SEO plugin v20.8 - https:\/\/yoast.com\/wordpress\/plugins\/seo\/ -->\n<title>CBD-\u00f6ljy koirille 10% - CBDshop.ee<\/title>\n<meta name=\"description\" content=\"CBD-\u00f6ljy koirille 10% \u2013 telli kvaliteetne CBD toode parima hinnaga. Tasuta tarne Eestis, diskreetne pakend. Osta mugavalt CBDshopi e-poest \u2013 kiire ja turvaline!\" \/>\n<meta name=\"robots\" content=\"index, follow, max-snippet:-1, max-image-preview:large, max-video-preview:-1\" \/>\n<link rel=\"canonical\" href=\"https:\/\/cbdshop.ee\/fi\/toode\/cbd-oil-for-dogs-10\/\" \/>\n<meta property=\"og:locale\" content=\"fi_FI\" \/>\n<meta property=\"og:type\" content=\"article\" \/>\n<meta property=\"og:title\" content=\"CBD-\u00f6ljy koirille 10% - CBDshop.ee\" \/>\n<meta property=\"og:description\" content=\"CBD-\u00f6ljy koirille 10% \u2013 telli kvaliteetne CBD toode parima hinnaga. Tasuta tarne Eestis, diskreetne pakend. Osta mugavalt CBDshopi e-poest \u2013 kiire ja turvaline!\" \/>\n<meta property=\"og:url\" content=\"https:\/\/cbdshop.ee\/fi\/toode\/cbd-oil-for-dogs-10\/\" \/>\n<meta property=\"og:site_name\" content=\"CBDshop.ee\" \/>\n<meta property=\"article:publisher\" content=\"https:\/\/m.facebook.com\/cbdshop.ee\/\" \/>\n<meta property=\"article:modified_time\" content=\"2026-04-24T12:14:49+00:00\" \/>\n<meta property=\"og:image\" content=\"https:\/\/www.cbdshop.ee\/wp-content\/uploads\/2026\/04\/Cannaline-10procent-olie-store-hunde.w610.h610.fill_.png.webp\" \/>\n\t<meta property=\"og:image:width\" content=\"610\" \/>\n\t<meta property=\"og:image:height\" content=\"610\" \/>\n\t<meta property=\"og:image:type\" content=\"image\/webp\" \/>\n<meta name=\"twitter:card\" content=\"summary_large_image\" \/>\n<script type=\"application\/ld+json\" class=\"yoast-schema-graph\">{\"@context\":\"https:\/\/schema.org\",\"@graph\":[{\"@type\":\"WebPage\",\"@id\":\"https:\/\/cbdshop.ee\/fi\/toode\/cbd-oil-for-dogs-10\/\",\"url\":\"https:\/\/cbdshop.ee\/fi\/toode\/cbd-oil-for-dogs-10\/\",\"name\":\"CBD-\u00f6ljy koirille 10% - CBDshop.ee\",\"isPartOf\":{\"@id\":\"https:\/\/cbdshop.ee\/#website\"},\"datePublished\":\"2026-04-24T12:08:23+00:00\",\"dateModified\":\"2026-04-24T12:14:49+00:00\",\"description\":\"CBD-\u00f6ljy koirille 10% \u2013 telli kvaliteetne CBD toode parima hinnaga. Tasuta tarne Eestis, diskreetne pakend. Osta mugavalt CBDshopi e-poest \u2013 kiire ja turvaline!\",\"breadcrumb\":{\"@id\":\"https:\/\/cbdshop.ee\/fi\/toode\/cbd-oil-for-dogs-10\/#breadcrumb\"},\"inLanguage\":\"fi\",\"potentialAction\":[{\"@type\":\"ReadAction\",\"target\":[\"https:\/\/cbdshop.ee\/fi\/toode\/cbd-oil-for-dogs-10\/\"]}]},{\"@type\":\"BreadcrumbList\",\"@id\":\"https:\/\/cbdshop.ee\/fi\/toode\/cbd-oil-for-dogs-10\/#breadcrumb\",\"itemListElement\":[{\"@type\":\"ListItem\",\"position\":1,\"name\":\"Home\",\"item\":\"https:\/\/www.cbdshop.ee\/fi\/\"},{\"@type\":\"ListItem\",\"position\":2,\"name\":\"Tuotteet\",\"item\":\"https:\/\/www.cbdshop.ee\/fi\/tooted\/\"},{\"@type\":\"ListItem\",\"position\":3,\"name\":\"CBD-\u00f6ljy koirille 10%\"}]},{\"@type\":\"WebSite\",\"@id\":\"https:\/\/cbdshop.ee\/#website\",\"url\":\"https:\/\/cbdshop.ee\/\",\"name\":\"CBDshop.ee\",\"description\":\"\u00d5itsed, \u00f5ietolm, CBD \u00f5li, CBD kanep, e-vedelikud\",\"publisher\":{\"@id\":\"https:\/\/cbdshop.ee\/#organization\"},\"potentialAction\":[{\"@type\":\"SearchAction\",\"target\":{\"@type\":\"EntryPoint\",\"urlTemplate\":\"https:\/\/cbdshop.ee\/?s={search_term_string}\"},\"query-input\":\"required name=search_term_string\"}],\"inLanguage\":\"fi\"},{\"@type\":\"Organization\",\"@id\":\"https:\/\/cbdshop.ee\/#organization\",\"name\":\"Nordic Synergy O\u00dc\",\"url\":\"https:\/\/cbdshop.ee\/\",\"logo\":{\"@type\":\"ImageObject\",\"inLanguage\":\"fi\",\"@id\":\"https:\/\/cbdshop.ee\/#\/schema\/logo\/image\/\",\"url\":\"\",\"contentUrl\":\"\",\"caption\":\"Nordic Synergy O\u00dc\"},\"image\":{\"@id\":\"https:\/\/cbdshop.ee\/#\/schema\/logo\/image\/\"},\"sameAs\":[\"https:\/\/m.facebook.com\/cbdshop.ee\/\",\"https:\/\/www.instagram.com\/cbdshop.ee\/\"]}]}<\/script>\n<!-- \/ Yoast SEO plugin. -->","yoast_head_json":{"title":"CBD-\u00f6ljy koirille 10% - CBDshop.ee","description":"CBD-\u00f6ljy koirille 10% \u2013 telli kvaliteetne CBD toode parima hinnaga. Tasuta tarne Eestis, diskreetne pakend. Osta mugavalt CBDshopi e-poest \u2013 kiire ja turvaline!","robots":{"index":"index","follow":"follow","max-snippet":"max-snippet:-1","max-image-preview":"max-image-preview:large","max-video-preview":"max-video-preview:-1"},"canonical":"https:\/\/cbdshop.ee\/fi\/toode\/cbd-oil-for-dogs-10\/","og_locale":"fi_FI","og_type":"article","og_title":"CBD-\u00f6ljy koirille 10% - CBDshop.ee","og_description":"CBD-\u00f6ljy koirille 10% \u2013 telli kvaliteetne CBD toode parima hinnaga. Tasuta tarne Eestis, diskreetne pakend. Osta mugavalt CBDshopi e-poest \u2013 kiire ja turvaline!","og_url":"https:\/\/cbdshop.ee\/fi\/toode\/cbd-oil-for-dogs-10\/","og_site_name":"CBDshop.ee","article_publisher":"https:\/\/m.facebook.com\/cbdshop.ee\/","article_modified_time":"2026-04-24T12:14:49+00:00","og_image":[{"width":610,"height":610,"url":"https:\/\/www.cbdshop.ee\/wp-content\/uploads\/2026\/04\/Cannaline-10procent-olie-store-hunde.w610.h610.fill_.png.webp","type":"image\/webp"}],"twitter_card":"summary_large_image","schema":{"@context":"https:\/\/schema.org","@graph":[{"@type":"WebPage","@id":"https:\/\/cbdshop.ee\/fi\/toode\/cbd-oil-for-dogs-10\/","url":"https:\/\/cbdshop.ee\/fi\/toode\/cbd-oil-for-dogs-10\/","name":"CBD-\u00f6ljy koirille 10% - CBDshop.ee","isPartOf":{"@id":"https:\/\/cbdshop.ee\/#website"},"datePublished":"2026-04-24T12:08:23+00:00","dateModified":"2026-04-24T12:14:49+00:00","description":"CBD-\u00f6ljy koirille 10% \u2013 telli kvaliteetne CBD toode parima hinnaga. Tasuta tarne Eestis, diskreetne pakend. Osta mugavalt CBDshopi e-poest \u2013 kiire ja turvaline!","breadcrumb":{"@id":"https:\/\/cbdshop.ee\/fi\/toode\/cbd-oil-for-dogs-10\/#breadcrumb"},"inLanguage":"fi","potentialAction":[{"@type":"ReadAction","target":["https:\/\/cbdshop.ee\/fi\/toode\/cbd-oil-for-dogs-10\/"]}]},{"@type":"BreadcrumbList","@id":"https:\/\/cbdshop.ee\/fi\/toode\/cbd-oil-for-dogs-10\/#breadcrumb","itemListElement":[{"@type":"ListItem","position":1,"name":"Home","item":"https:\/\/www.cbdshop.ee\/fi\/"},{"@type":"ListItem","position":2,"name":"Tuotteet","item":"https:\/\/www.cbdshop.ee\/fi\/tooted\/"},{"@type":"ListItem","position":3,"name":"CBD-\u00f6ljy koirille 10%"}]},{"@type":"WebSite","@id":"https:\/\/cbdshop.ee\/#website","url":"https:\/\/cbdshop.ee\/","name":"CBDshop.ee","description":"\u00d5itsed, \u00f5ietolm, CBD \u00f5li, CBD kanep, e-vedelikud","publisher":{"@id":"https:\/\/cbdshop.ee\/#organization"},"potentialAction":[{"@type":"SearchAction","target":{"@type":"EntryPoint","urlTemplate":"https:\/\/cbdshop.ee\/?s={search_term_string}"},"query-input":"required name=search_term_string"}],"inLanguage":"fi"},{"@type":"Organization","@id":"https:\/\/cbdshop.ee\/#organization","name":"Nordic Synergy O\u00dc","url":"https:\/\/cbdshop.ee\/","logo":{"@type":"ImageObject","inLanguage":"fi","@id":"https:\/\/cbdshop.ee\/#\/schema\/logo\/image\/","url":"","contentUrl":"","caption":"Nordic Synergy O\u00dc"},"image":{"@id":"https:\/\/cbdshop.ee\/#\/schema\/logo\/image\/"},"sameAs":["https:\/\/m.facebook.com\/cbdshop.ee\/","https:\/\/www.instagram.com\/cbdshop.ee\/"]}]}},"_links":{"self":[{"href":"https:\/\/www.cbdshop.ee\/fi\/wp-json\/wp\/v2\/product\/40782"}],"collection":[{"href":"https:\/\/www.cbdshop.ee\/fi\/wp-json\/wp\/v2\/product"}],"about":[{"href":"https:\/\/www.cbdshop.ee\/fi\/wp-json\/wp\/v2\/types\/product"}],"replies":[{"embeddable":true,"href":"https:\/\/www.cbdshop.ee\/fi\/wp-json\/wp\/v2\/comments?post=40782"}],"wp:featuredmedia":[{"embeddable":true,"href":"https:\/\/www.cbdshop.ee\/fi\/wp-json\/wp\/v2\/media\/40780"}],"wp:attachment":[{"href":"https:\/\/www.cbdshop.ee\/fi\/wp-json\/wp\/v2\/media?parent=40782"}],"wp:term":[{"taxonomy":"product_cat","embeddable":true,"href":"https:\/\/www.cbdshop.ee\/fi\/wp-json\/wp\/v2\/product_cat?post=40782"},{"taxonomy":"product_tag","embeddable":true,"href":"https:\/\/www.cbdshop.ee\/fi\/wp-json\/wp\/v2\/product_tag?post=40782"}],"curies":[{"name":"wp","href":"https:\/\/api.w.org\/{rel}","templated":true}]}}